{"id":43,"date":"2017-11-08T19:49:05","date_gmt":"2017-11-09T00:49:05","guid":{"rendered":"http:\/\/wp-master-powergo.eliappwordpress1sto.elisys-servers.ca\/sample-page\/"},"modified":"2024-04-15T14:56:55","modified_gmt":"2024-04-15T18:56:55","slug":"accueil-power-go","status":"publish","type":"page","link":"https:\/\/www.euroyachtsales.com\/fr\/","title":{"rendered":"EuroYacht Sales &#8211; Votre concessionnaire Marex, Aquabat, Capoforte et plus encore \u00e0 Longueuil"},"content":{"rendered":"<p>Bienvenue chez <strong>EuroYacht Sales<\/strong>, v\u00e9ritable r\u00e9f\u00e9rence \u00e0 <strong>Longueuil<\/strong>, au c\u0153ur de la r\u00e9gion de la <strong>Mont\u00e9r\u00e9gie<\/strong>, pour tout ce qui a trait aux <strong>v\u00e9hicules nautiques<\/strong>. Nous proposons le plus grand choix de <strong>bateaux<\/strong>, <strong>yachts<\/strong>, et <strong>bateaux \u00e9lectriques<\/strong>, provenant des meilleures marques sur le march\u00e9 telles que <strong>Marex<\/strong>, <strong>Aquabat<\/strong>, <strong>Invictus<\/strong>, <strong>FIM<\/strong>,\u00a0<strong>Lilybaeum Yacht<\/strong>, <strong>BMA<\/strong>, <strong>White Shark<\/strong>, <strong>AS Marine<\/strong>, <strong>Italmar<\/strong>, <strong>AluForce<\/strong>, <strong>Piranhascraft<\/strong>\u00a0et <strong>Capoforte<\/strong>.<\/p>\n<div class=\"textMore\">\n<p><strong>EuroYacht Sales<\/strong> se fait un point d\u2019honneur d\u2019offrir une vaste gamme de <a href=\"https:\/\/www.euroyachtsales.com\/fr\/inventaire-neuf\/\">bateaux neufs<\/a> qui satisferont autant les n\u00e9ophytes que les personnes plus exp\u00e9riment\u00e9es. Une visite sur notre site Web ou sur place est suffisante pour s\u2019en convaincre! Qualit\u00e9, renom et fiabilit\u00e9, c\u2019est ce que <strong>EuroYacht Sales<\/strong> propose \u00e0 son inestimable client\u00e8le!<\/p>\n<p>Se procurer un bateau de qualit\u00e9 tout en faisant des \u00e9conomies, c\u2019est possible gr\u00e2ce \u00e0 notre d\u00e9partement de <a href=\"https:\/\/www.euroyachtsales.com\/fr\/produits-occasion\/\">v\u00e9hicules d\u2019occasion<\/a> et son large inventaire de v\u00e9hicules nautiques fiables et s\u00e9curitaires, \u00e0 des prix comp\u00e9titifs.<\/p>\n<p>Notre objectif a toujours \u00e9t\u00e9 et sera toujours d\u2019offrir \u00e0 notre client\u00e8le ce qu\u2019il y a de mieux. C\u2019est pourquoi nous faisons clairement la diff\u00e9rence, pour un service des plus attentionn\u00e9s et professionnels.<\/p>\n<p>N\u2019h\u00e9sitez pas \u00e0 communiquer avec nous au <a href=\"tel:+14389514825\"><span class=\"nobr phone-number\">438 951-4825<\/span><\/a> pour toute question sur nos produits et services.<\/p>\n<\/div>\n","protected":false},"excerpt":{"rendered":"<p>Bienvenue chez EuroYacht Sales, v\u00e9ritable r\u00e9f\u00e9rence \u00e0 Longueuil, au c\u0153ur de la r\u00e9gion de la Mont\u00e9r\u00e9gie, pour tout ce qui a trait aux v\u00e9hicules nautiques. Nous proposons le plus grand choix de bateaux, yachts, et bateaux \u00e9lectriques, provenant des meilleures marques sur le march\u00e9 telles que Marex, Aquabat, Invictus, FIM,\u00a0Lilybaeum Yacht, BMA, White Shark, AS &hellip; <a href=\"https:\/\/www.euroyachtsales.com\/fr\/\">Suite<\/a><\/p>\n","protected":false},"author":1,"featured_media":0,"parent":0,"menu_order":0,"comment_status":"closed","ping_status":"open","template":"","meta":[],"acf":{"homepage_ctas":[{"homepage_cta_title":"Produits neufs","homepage_cta_text":"Bateaux, yachts et bateaux \u00e9lectriques : d\u00e9couvrez un choix plus que complet de produits flambant neufs!","homepage_cta_image":{"ID":29464,"id":29464,"title":"img-home-NEUF","filename":"img-home-NEUF.webp","filesize":8462,"url":"https:\/\/www.euroyachtsales.com\/wp-content\/uploads\/2024\/04\/img-home-NEUF.webp","link":"https:\/\/www.euroyachtsales.com\/fr\/accueil-power-go\/img-home-neuf\/","alt":"","author":"1","description":"","caption":"","name":"img-home-neuf","status":"inherit","uploaded_to":43,"date":"2024-04-09 18:27:31","modified":"2024-04-09 18:27:31","menu_order":0,"mime_type":"image\/webp","type":"image","subtype":"webp","icon":"https:\/\/www.euroyachtsales.com\/wp-includes\/images\/media\/default.png","width":650,"height":450,"sizes":{"thumbnail":"https:\/\/www.euroyachtsales.com\/wp-content\/uploads\/2024\/04\/img-home-NEUF-150x150.webp","thumbnail-width":150,"thumbnail-height":150,"medium":"https:\/\/www.euroyachtsales.com\/wp-content\/uploads\/2024\/04\/img-home-NEUF-300x208.webp","medium-width":300,"medium-height":208,"medium_large":"https:\/\/www.euroyachtsales.com\/wp-content\/uploads\/2024\/04\/img-home-NEUF.webp","medium_large-width":650,"medium_large-height":450,"large":"https:\/\/www.euroyachtsales.com\/wp-content\/uploads\/2024\/04\/img-home-NEUF.webp","large-width":650,"large-height":450,"1536x1536":"https:\/\/www.euroyachtsales.com\/wp-content\/uploads\/2024\/04\/img-home-NEUF.webp","1536x1536-width":650,"1536x1536-height":450,"2048x2048":"https:\/\/www.euroyachtsales.com\/wp-content\/uploads\/2024\/04\/img-home-NEUF.webp","2048x2048-width":650,"2048x2048-height":450,"article-details":"https:\/\/www.euroyachtsales.com\/wp-content\/uploads\/2024\/04\/img-home-NEUF.webp","article-details-width":650,"article-details-height":450,"article-listing":"https:\/\/www.euroyachtsales.com\/wp-content\/uploads\/2024\/04\/img-home-NEUF.webp","article-listing-width":650,"article-listing-height":450,"event-details":"https:\/\/www.euroyachtsales.com\/wp-content\/uploads\/2024\/04\/img-home-NEUF.webp","event-details-width":650,"event-details-height":450,"event-listing":"https:\/\/www.euroyachtsales.com\/wp-content\/uploads\/2024\/04\/img-home-NEUF.webp","event-listing-width":650,"event-listing-height":450,"feat-article":"https:\/\/www.euroyachtsales.com\/wp-content\/uploads\/2024\/04\/img-home-NEUF.webp","feat-article-width":650,"feat-article-height":450,"feat-cta":"https:\/\/www.euroyachtsales.com\/wp-content\/uploads\/2024\/04\/img-home-NEUF.webp","feat-cta-width":650,"feat-cta-height":450,"feat-content":"https:\/\/www.euroyachtsales.com\/wp-content\/uploads\/2024\/04\/img-home-NEUF.webp","feat-content-width":650,"feat-content-height":450,"feat-event":"https:\/\/www.euroyachtsales.com\/wp-content\/uploads\/2024\/04\/img-home-NEUF.webp","feat-event-width":650,"feat-event-height":450,"feat-makes":"https:\/\/www.euroyachtsales.com\/wp-content\/uploads\/2024\/04\/img-home-NEUF-116x80.webp","feat-makes-width":116,"feat-makes-height":80,"feat-related":"https:\/\/www.euroyachtsales.com\/wp-content\/uploads\/2024\/04\/img-home-NEUF.webp","feat-related-width":650,"feat-related-height":450,"filter-category":"https:\/\/www.euroyachtsales.com\/wp-content\/uploads\/2024\/04\/img-home-NEUF-486x450.webp","filter-category-width":486,"filter-category-height":450,"products-listing-new":"https:\/\/www.euroyachtsales.com\/wp-content\/uploads\/2024\/04\/img-home-NEUF-460x318.webp","products-listing-new-width":460,"products-listing-new-height":318,"products-gallery":"https:\/\/www.euroyachtsales.com\/wp-content\/uploads\/2024\/04\/img-home-NEUF.webp","products-gallery-width":650,"products-gallery-height":450,"promos-details":"https:\/\/www.euroyachtsales.com\/wp-content\/uploads\/2024\/04\/img-home-NEUF.webp","promos-details-width":650,"promos-details-height":450,"promos-listing":"https:\/\/www.euroyachtsales.com\/wp-content\/uploads\/2024\/04\/img-home-NEUF.webp","promos-listing-width":650,"promos-listing-height":450,"relative-product-article":"https:\/\/www.euroyachtsales.com\/wp-content\/uploads\/2024\/04\/img-home-NEUF.webp","relative-product-article-width":650,"relative-product-article-height":450,"relative-product-event":"https:\/\/www.euroyachtsales.com\/wp-content\/uploads\/2024\/04\/img-home-NEUF.webp","relative-product-event-width":650,"relative-product-event-height":450,"relative-product-new":"https:\/\/www.euroyachtsales.com\/wp-content\/uploads\/2024\/04\/img-home-NEUF.webp","relative-product-new-width":650,"relative-product-new-height":450,"relative-product-promo":"https:\/\/www.euroyachtsales.com\/wp-content\/uploads\/2024\/04\/img-home-NEUF.webp","relative-product-promo-width":650,"relative-product-promo-height":450,"slider-main":"https:\/\/www.euroyachtsales.com\/wp-content\/uploads\/2024\/04\/img-home-NEUF.webp","slider-main-width":650,"slider-main-height":450,"slider-main-mobile":"https:\/\/www.euroyachtsales.com\/wp-content\/uploads\/2024\/04\/img-home-NEUF.webp","slider-main-mobile-width":650,"slider-main-mobile-height":450,"slider-main-fullwidth":"https:\/\/www.euroyachtsales.com\/wp-content\/uploads\/2024\/04\/img-home-NEUF.webp","slider-main-fullwidth-width":650,"slider-main-fullwidth-height":450,"slider-main-fullwidth-narrow":"https:\/\/www.euroyachtsales.com\/wp-content\/uploads\/2024\/04\/img-home-NEUF.webp","slider-main-fullwidth-narrow-width":650,"slider-main-fullwidth-narrow-height":450,"map-footer":"https:\/\/www.euroyachtsales.com\/wp-content\/uploads\/2024\/04\/img-home-NEUF-650x400.webp","map-footer-width":650,"map-footer-height":400,"map-footer-mobile":"https:\/\/www.euroyachtsales.com\/wp-content\/uploads\/2024\/04\/img-home-NEUF.webp","map-footer-mobile-width":650,"map-footer-mobile-height":450,"map-footer-fullwidth":"https:\/\/www.euroyachtsales.com\/wp-content\/uploads\/2024\/04\/img-home-NEUF-650x400.webp","map-footer-fullwidth-width":650,"map-footer-fullwidth-height":400,"map-footer-fullwidth-narrow":"https:\/\/www.euroyachtsales.com\/wp-content\/uploads\/2024\/04\/img-home-NEUF-650x400.webp","map-footer-fullwidth-narrow-width":650,"map-footer-fullwidth-narrow-height":400,"team-listing":"https:\/\/www.euroyachtsales.com\/wp-content\/uploads\/2024\/04\/img-home-NEUF-450x312.webp","team-listing-width":450,"team-listing-height":312,"team-sidebar":"https:\/\/www.euroyachtsales.com\/wp-content\/uploads\/2024\/04\/img-home-NEUF.webp","team-sidebar-width":650,"team-sidebar-height":450,"history-timeline":"https:\/\/www.euroyachtsales.com\/wp-content\/uploads\/2024\/04\/img-home-NEUF-380x263.webp","history-timeline-width":380,"history-timeline-height":263,"automatic-popup":"https:\/\/www.euroyachtsales.com\/wp-content\/uploads\/2024\/04\/img-home-NEUF.webp","automatic-popup-width":650,"automatic-popup-height":450,"wc-feat-brands":"https:\/\/www.euroyachtsales.com\/wp-content\/uploads\/2024\/04\/img-home-NEUF-108x75.webp","wc-feat-brands-width":108,"wc-feat-brands-height":75,"wc-products-details-brands":"https:\/\/www.euroyachtsales.com\/wp-content\/uploads\/2024\/04\/img-home-NEUF-108x75.webp","wc-products-details-brands-width":108,"wc-products-details-brands-height":75}},"homepage_cta_link_type":"internal","homepage_cta_link":"https:\/\/www.euroyachtsales.com\/fr\/inventaire-neuf\/","homepage_cta_external_link":"http:\/\/www.google.com\/","homepage_cta_link_self":true},{"homepage_cta_title":"Inventaire d\u2019occasion","homepage_cta_text":"Profitez de prix irr\u00e9sistibles gr\u00e2ce \u00e0 notre vaste s\u00e9lection de v\u00e9hicules usag\u00e9s de qualit\u00e9!","homepage_cta_image":{"ID":29466,"id":29466,"title":"img-home-OCCASION","filename":"img-home-OCCASION.webp","filesize":7864,"url":"https:\/\/www.euroyachtsales.com\/wp-content\/uploads\/2024\/04\/img-home-OCCASION.webp","link":"https:\/\/www.euroyachtsales.com\/fr\/accueil-power-go\/img-home-occasion\/","alt":"","author":"1","description":"","caption":"","name":"img-home-occasion","status":"inherit","uploaded_to":43,"date":"2024-04-09 18:27:32","modified":"2024-04-09 18:27:32","menu_order":0,"mime_type":"image\/webp","type":"image","subtype":"webp","icon":"https:\/\/www.euroyachtsales.com\/wp-includes\/images\/media\/default.png","width":650,"height":450,"sizes":{"thumbnail":"https:\/\/www.euroyachtsales.com\/wp-content\/uploads\/2024\/04\/img-home-OCCASION-150x150.webp","thumbnail-width":150,"thumbnail-height":150,"medium":"https:\/\/www.euroyachtsales.com\/wp-content\/uploads\/2024\/04\/img-home-OCCASION-300x208.webp","medium-width":300,"medium-height":208,"medium_large":"https:\/\/www.euroyachtsales.com\/wp-content\/uploads\/2024\/04\/img-home-OCCASION.webp","medium_large-width":650,"medium_large-height":450,"large":"https:\/\/www.euroyachtsales.com\/wp-content\/uploads\/2024\/04\/img-home-OCCASION.webp","large-width":650,"large-height":450,"1536x1536":"https:\/\/www.euroyachtsales.com\/wp-content\/uploads\/2024\/04\/img-home-OCCASION.webp","1536x1536-width":650,"1536x1536-height":450,"2048x2048":"https:\/\/www.euroyachtsales.com\/wp-content\/uploads\/2024\/04\/img-home-OCCASION.webp","2048x2048-width":650,"2048x2048-height":450,"article-details":"https:\/\/www.euroyachtsales.com\/wp-content\/uploads\/2024\/04\/img-home-OCCASION.webp","article-details-width":650,"article-details-height":450,"article-listing":"https:\/\/www.euroyachtsales.com\/wp-content\/uploads\/2024\/04\/img-home-OCCASION.webp","article-listing-width":650,"article-listing-height":450,"event-details":"https:\/\/www.euroyachtsales.com\/wp-content\/uploads\/2024\/04\/img-home-OCCASION.webp","event-details-width":650,"event-details-height":450,"event-listing":"https:\/\/www.euroyachtsales.com\/wp-content\/uploads\/2024\/04\/img-home-OCCASION.webp","event-listing-width":650,"event-listing-height":450,"feat-article":"https:\/\/www.euroyachtsales.com\/wp-content\/uploads\/2024\/04\/img-home-OCCASION.webp","feat-article-width":650,"feat-article-height":450,"feat-cta":"https:\/\/www.euroyachtsales.com\/wp-content\/uploads\/2024\/04\/img-home-OCCASION.webp","feat-cta-width":650,"feat-cta-height":450,"feat-content":"https:\/\/www.euroyachtsales.com\/wp-content\/uploads\/2024\/04\/img-home-OCCASION.webp","feat-content-width":650,"feat-content-height":450,"feat-event":"https:\/\/www.euroyachtsales.com\/wp-content\/uploads\/2024\/04\/img-home-OCCASION.webp","feat-event-width":650,"feat-event-height":450,"feat-makes":"https:\/\/www.euroyachtsales.com\/wp-content\/uploads\/2024\/04\/img-home-OCCASION-116x80.webp","feat-makes-width":116,"feat-makes-height":80,"feat-related":"https:\/\/www.euroyachtsales.com\/wp-content\/uploads\/2024\/04\/img-home-OCCASION.webp","feat-related-width":650,"feat-related-height":450,"filter-category":"https:\/\/www.euroyachtsales.com\/wp-content\/uploads\/2024\/04\/img-home-OCCASION-486x450.webp","filter-category-width":486,"filter-category-height":450,"products-listing-new":"https:\/\/www.euroyachtsales.com\/wp-content\/uploads\/2024\/04\/img-home-OCCASION-460x318.webp","products-listing-new-width":460,"products-listing-new-height":318,"products-gallery":"https:\/\/www.euroyachtsales.com\/wp-content\/uploads\/2024\/04\/img-home-OCCASION.webp","products-gallery-width":650,"products-gallery-height":450,"promos-details":"https:\/\/www.euroyachtsales.com\/wp-content\/uploads\/2024\/04\/img-home-OCCASION.webp","promos-details-width":650,"promos-details-height":450,"promos-listing":"https:\/\/www.euroyachtsales.com\/wp-content\/uploads\/2024\/04\/img-home-OCCASION.webp","promos-listing-width":650,"promos-listing-height":450,"relative-product-article":"https:\/\/www.euroyachtsales.com\/wp-content\/uploads\/2024\/04\/img-home-OCCASION.webp","relative-product-article-width":650,"relative-product-article-height":450,"relative-product-event":"https:\/\/www.euroyachtsales.com\/wp-content\/uploads\/2024\/04\/img-home-OCCASION.webp","relative-product-event-width":650,"relative-product-event-height":450,"relative-product-new":"https:\/\/www.euroyachtsales.com\/wp-content\/uploads\/2024\/04\/img-home-OCCASION.webp","relative-product-new-width":650,"relative-product-new-height":450,"relative-product-promo":"https:\/\/www.euroyachtsales.com\/wp-content\/uploads\/2024\/04\/img-home-OCCASION.webp","relative-product-promo-width":650,"relative-product-promo-height":450,"slider-main":"https:\/\/www.euroyachtsales.com\/wp-content\/uploads\/2024\/04\/img-home-OCCASION.webp","slider-main-width":650,"slider-main-height":450,"slider-main-mobile":"https:\/\/www.euroyachtsales.com\/wp-content\/uploads\/2024\/04\/img-home-OCCASION.webp","slider-main-mobile-width":650,"slider-main-mobile-height":450,"slider-main-fullwidth":"https:\/\/www.euroyachtsales.com\/wp-content\/uploads\/2024\/04\/img-home-OCCASION.webp","slider-main-fullwidth-width":650,"slider-main-fullwidth-height":450,"slider-main-fullwidth-narrow":"https:\/\/www.euroyachtsales.com\/wp-content\/uploads\/2024\/04\/img-home-OCCASION.webp","slider-main-fullwidth-narrow-width":650,"slider-main-fullwidth-narrow-height":450,"map-footer":"https:\/\/www.euroyachtsales.com\/wp-content\/uploads\/2024\/04\/img-home-OCCASION-650x400.webp","map-footer-width":650,"map-footer-height":400,"map-footer-mobile":"https:\/\/www.euroyachtsales.com\/wp-content\/uploads\/2024\/04\/img-home-OCCASION.webp","map-footer-mobile-width":650,"map-footer-mobile-height":450,"map-footer-fullwidth":"https:\/\/www.euroyachtsales.com\/wp-content\/uploads\/2024\/04\/img-home-OCCASION-650x400.webp","map-footer-fullwidth-width":650,"map-footer-fullwidth-height":400,"map-footer-fullwidth-narrow":"https:\/\/www.euroyachtsales.com\/wp-content\/uploads\/2024\/04\/img-home-OCCASION-650x400.webp","map-footer-fullwidth-narrow-width":650,"map-footer-fullwidth-narrow-height":400,"team-listing":"https:\/\/www.euroyachtsales.com\/wp-content\/uploads\/2024\/04\/img-home-OCCASION-450x312.webp","team-listing-width":450,"team-listing-height":312,"team-sidebar":"https:\/\/www.euroyachtsales.com\/wp-content\/uploads\/2024\/04\/img-home-OCCASION.webp","team-sidebar-width":650,"team-sidebar-height":450,"history-timeline":"https:\/\/www.euroyachtsales.com\/wp-content\/uploads\/2024\/04\/img-home-OCCASION-380x263.webp","history-timeline-width":380,"history-timeline-height":263,"automatic-popup":"https:\/\/www.euroyachtsales.com\/wp-content\/uploads\/2024\/04\/img-home-OCCASION.webp","automatic-popup-width":650,"automatic-popup-height":450,"wc-feat-brands":"https:\/\/www.euroyachtsales.com\/wp-content\/uploads\/2024\/04\/img-home-OCCASION-108x75.webp","wc-feat-brands-width":108,"wc-feat-brands-height":75,"wc-products-details-brands":"https:\/\/www.euroyachtsales.com\/wp-content\/uploads\/2024\/04\/img-home-OCCASION-108x75.webp","wc-products-details-brands-width":108,"wc-products-details-brands-height":75}},"homepage_cta_link_type":"internal","homepage_cta_link":"https:\/\/www.euroyachtsales.com\/fr\/produits-occasion\/","homepage_cta_external_link":"","homepage_cta_link_self":false},{"homepage_cta_title":"\u00c9v\u00e9nements","homepage_cta_text":"Restez \u00e0 l'aff\u00fbt de nos prochains \u00e9v\u00e9nements! Tous les amateur\u00b7rice\u00b7s de bateaux sont les bienvenu\u00b7e\u00b7s! ","homepage_cta_image":{"ID":29462,"id":29462,"title":"img-home-EVENTS","filename":"img-home-EVENTS.webp","filesize":18136,"url":"https:\/\/www.euroyachtsales.com\/wp-content\/uploads\/2024\/04\/img-home-EVENTS.webp","link":"https:\/\/www.euroyachtsales.com\/fr\/accueil-power-go\/img-home-events\/","alt":"","author":"1","description":"","caption":"","name":"img-home-events","status":"inherit","uploaded_to":43,"date":"2024-04-09 18:27:29","modified":"2024-04-09 18:27:29","menu_order":0,"mime_type":"image\/webp","type":"image","subtype":"webp","icon":"https:\/\/www.euroyachtsales.com\/wp-includes\/images\/media\/default.png","width":650,"height":450,"sizes":{"thumbnail":"https:\/\/www.euroyachtsales.com\/wp-content\/uploads\/2024\/04\/img-home-EVENTS-150x150.webp","thumbnail-width":150,"thumbnail-height":150,"medium":"https:\/\/www.euroyachtsales.com\/wp-content\/uploads\/2024\/04\/img-home-EVENTS-300x208.webp","medium-width":300,"medium-height":208,"medium_large":"https:\/\/www.euroyachtsales.com\/wp-content\/uploads\/2024\/04\/img-home-EVENTS.webp","medium_large-width":650,"medium_large-height":450,"large":"https:\/\/www.euroyachtsales.com\/wp-content\/uploads\/2024\/04\/img-home-EVENTS.webp","large-width":650,"large-height":450,"1536x1536":"https:\/\/www.euroyachtsales.com\/wp-content\/uploads\/2024\/04\/img-home-EVENTS.webp","1536x1536-width":650,"1536x1536-height":450,"2048x2048":"https:\/\/www.euroyachtsales.com\/wp-content\/uploads\/2024\/04\/img-home-EVENTS.webp","2048x2048-width":650,"2048x2048-height":450,"article-details":"https:\/\/www.euroyachtsales.com\/wp-content\/uploads\/2024\/04\/img-home-EVENTS.webp","article-details-width":650,"article-details-height":450,"article-listing":"https:\/\/www.euroyachtsales.com\/wp-content\/uploads\/2024\/04\/img-home-EVENTS.webp","article-listing-width":650,"article-listing-height":450,"event-details":"https:\/\/www.euroyachtsales.com\/wp-content\/uploads\/2024\/04\/img-home-EVENTS.webp","event-details-width":650,"event-details-height":450,"event-listing":"https:\/\/www.euroyachtsales.com\/wp-content\/uploads\/2024\/04\/img-home-EVENTS.webp","event-listing-width":650,"event-listing-height":450,"feat-article":"https:\/\/www.euroyachtsales.com\/wp-content\/uploads\/2024\/04\/img-home-EVENTS.webp","feat-article-width":650,"feat-article-height":450,"feat-cta":"https:\/\/www.euroyachtsales.com\/wp-content\/uploads\/2024\/04\/img-home-EVENTS.webp","feat-cta-width":650,"feat-cta-height":450,"feat-content":"https:\/\/www.euroyachtsales.com\/wp-content\/uploads\/2024\/04\/img-home-EVENTS.webp","feat-content-width":650,"feat-content-height":450,"feat-event":"https:\/\/www.euroyachtsales.com\/wp-content\/uploads\/2024\/04\/img-home-EVENTS.webp","feat-event-width":650,"feat-event-height":450,"feat-makes":"https:\/\/www.euroyachtsales.com\/wp-content\/uploads\/2024\/04\/img-home-EVENTS-116x80.webp","feat-makes-width":116,"feat-makes-height":80,"feat-related":"https:\/\/www.euroyachtsales.com\/wp-content\/uploads\/2024\/04\/img-home-EVENTS.webp","feat-related-width":650,"feat-related-height":450,"filter-category":"https:\/\/www.euroyachtsales.com\/wp-content\/uploads\/2024\/04\/img-home-EVENTS-486x450.webp","filter-category-width":486,"filter-category-height":450,"products-listing-new":"https:\/\/www.euroyachtsales.com\/wp-content\/uploads\/2024\/04\/img-home-EVENTS-460x318.webp","products-listing-new-width":460,"products-listing-new-height":318,"products-gallery":"https:\/\/www.euroyachtsales.com\/wp-content\/uploads\/2024\/04\/img-home-EVENTS.webp","products-gallery-width":650,"products-gallery-height":450,"promos-details":"https:\/\/www.euroyachtsales.com\/wp-content\/uploads\/2024\/04\/img-home-EVENTS.webp","promos-details-width":650,"promos-details-height":450,"promos-listing":"https:\/\/www.euroyachtsales.com\/wp-content\/uploads\/2024\/04\/img-home-EVENTS.webp","promos-listing-width":650,"promos-listing-height":450,"relative-product-article":"https:\/\/www.euroyachtsales.com\/wp-content\/uploads\/2024\/04\/img-home-EVENTS.webp","relative-product-article-width":650,"relative-product-article-height":450,"relative-product-event":"https:\/\/www.euroyachtsales.com\/wp-content\/uploads\/2024\/04\/img-home-EVENTS.webp","relative-product-event-width":650,"relative-product-event-height":450,"relative-product-new":"https:\/\/www.euroyachtsales.com\/wp-content\/uploads\/2024\/04\/img-home-EVENTS.webp","relative-product-new-width":650,"relative-product-new-height":450,"relative-product-promo":"https:\/\/www.euroyachtsales.com\/wp-content\/uploads\/2024\/04\/img-home-EVENTS.webp","relative-product-promo-width":650,"relative-product-promo-height":450,"slider-main":"https:\/\/www.euroyachtsales.com\/wp-content\/uploads\/2024\/04\/img-home-EVENTS.webp","slider-main-width":650,"slider-main-height":450,"slider-main-mobile":"https:\/\/www.euroyachtsales.com\/wp-content\/uploads\/2024\/04\/img-home-EVENTS.webp","slider-main-mobile-width":650,"slider-main-mobile-height":450,"slider-main-fullwidth":"https:\/\/www.euroyachtsales.com\/wp-content\/uploads\/2024\/04\/img-home-EVENTS.webp","slider-main-fullwidth-width":650,"slider-main-fullwidth-height":450,"slider-main-fullwidth-narrow":"https:\/\/www.euroyachtsales.com\/wp-content\/uploads\/2024\/04\/img-home-EVENTS.webp","slider-main-fullwidth-narrow-width":650,"slider-main-fullwidth-narrow-height":450,"map-footer":"https:\/\/www.euroyachtsales.com\/wp-content\/uploads\/2024\/04\/img-home-EVENTS-650x400.webp","map-footer-width":650,"map-footer-height":400,"map-footer-mobile":"https:\/\/www.euroyachtsales.com\/wp-content\/uploads\/2024\/04\/img-home-EVENTS.webp","map-footer-mobile-width":650,"map-footer-mobile-height":450,"map-footer-fullwidth":"https:\/\/www.euroyachtsales.com\/wp-content\/uploads\/2024\/04\/img-home-EVENTS-650x400.webp","map-footer-fullwidth-width":650,"map-footer-fullwidth-height":400,"map-footer-fullwidth-narrow":"https:\/\/www.euroyachtsales.com\/wp-content\/uploads\/2024\/04\/img-home-EVENTS-650x400.webp","map-footer-fullwidth-narrow-width":650,"map-footer-fullwidth-narrow-height":400,"team-listing":"https:\/\/www.euroyachtsales.com\/wp-content\/uploads\/2024\/04\/img-home-EVENTS-450x312.webp","team-listing-width":450,"team-listing-height":312,"team-sidebar":"https:\/\/www.euroyachtsales.com\/wp-content\/uploads\/2024\/04\/img-home-EVENTS.webp","team-sidebar-width":650,"team-sidebar-height":450,"history-timeline":"https:\/\/www.euroyachtsales.com\/wp-content\/uploads\/2024\/04\/img-home-EVENTS-380x263.webp","history-timeline-width":380,"history-timeline-height":263,"automatic-popup":"https:\/\/www.euroyachtsales.com\/wp-content\/uploads\/2024\/04\/img-home-EVENTS.webp","automatic-popup-width":650,"automatic-popup-height":450,"wc-feat-brands":"https:\/\/www.euroyachtsales.com\/wp-content\/uploads\/2024\/04\/img-home-EVENTS-108x75.webp","wc-feat-brands-width":108,"wc-feat-brands-height":75,"wc-products-details-brands":"https:\/\/www.euroyachtsales.com\/wp-content\/uploads\/2024\/04\/img-home-EVENTS-108x75.webp","wc-products-details-brands-width":108,"wc-products-details-brands-height":75}},"homepage_cta_link_type":"internal","homepage_cta_link":"https:\/\/www.euroyachtsales.com\/fr\/evenements\/","homepage_cta_external_link":"","homepage_cta_link_self":false}],"homepage_instagram":false,"homepage_facebook":false,"contact_form_custom_html_id":"","contact_form_custom_form_id":false},"_links":{"self":[{"href":"https:\/\/www.euroyachtsales.com\/fr\/wp-json\/wp\/v2\/pages\/43"}],"collection":[{"href":"https:\/\/www.euroyachtsales.com\/fr\/wp-json\/wp\/v2\/pages"}],"about":[{"href":"https:\/\/www.euroyachtsales.com\/fr\/wp-json\/wp\/v2\/types\/page"}],"author":[{"embeddable":true,"href":"https:\/\/www.euroyachtsales.com\/fr\/wp-json\/wp\/v2\/users\/1"}],"replies":[{"embeddable":true,"href":"https:\/\/www.euroyachtsales.com\/fr\/wp-json\/wp\/v2\/comments?post=43"}],"version-history":[{"count":37,"href":"https:\/\/www.euroyachtsales.com\/fr\/wp-json\/wp\/v2\/pages\/43\/revisions"}],"predecessor-version":[{"id":29532,"href":"https:\/\/www.euroyachtsales.com\/fr\/wp-json\/wp\/v2\/pages\/43\/revisions\/29532"}],"wp:attachment":[{"href":"https:\/\/www.euroyachtsales.com\/fr\/wp-json\/wp\/v2\/media?parent=43"}],"curies":[{"name":"wp","href":"https:\/\/api.w.org\/{rel}","templated":true}]}}